{"id":6400,"date":"2021-01-07T15:22:11","date_gmt":"2021-01-07T14:22:11","guid":{"rendered":"https:\/\/ilsalotto.info\/?page_id=6400"},"modified":"2023-04-13T07:44:21","modified_gmt":"2023-04-13T05:44:21","slug":"dotazioni","status":"publish","type":"page","link":"https:\/\/ilsalotto.info\/it\/resort\/casa-merlot\/dotazioni\/","title":{"rendered":"Dotazioni"},"content":{"rendered":"<div class=\"wpb-content-wrapper\"><p>[vc_row][vc_column]<h1 id=\"forge12-custom-769965\" class=\"headline \">Casa Merlot<\/h1><h4 id=\"forge12-custom-873468\" class=\"headline  vc_custom_1610029164728\">Dotazioni della casa vacanza per 4 persone:<\/h4>[\/vc_column][\/vc_row][vc_row css=\".vc_custom_1594894063898{padding-bottom: 35px !important;}\"][vc_column width=\"1\/2\" css=\".vc_custom_1601968523142{margin-bottom: -25px !important;}\"]<div id=\"forge12-custom-759127\" class=\"forge12-texticon \">\n\t\t\t\t<p>\n\t\t\t\t<span class=\"image\"><img loading=\"lazy\" decoding=\"async\" width=\"52\" height=\"52\" src=\"https:\/\/ilsalotto.info\/wp-content\/uploads\/2020\/07\/bad-ausstattung-casa.jpg\" class=\"attachment-thumbnail size-thumbnail\" alt=\"\" \/><\/span>\n\t\t\t\t2 camere da letto con letto matrimoniale\n\t\t\t\t<\/p>\n\t\t\t\t<\/div > <div id=\"forge12-custom-551191\" class=\"forge12-texticon  vc_custom_1610029214243\">\n\t\t\t\t<p>\n\t\t\t\t<span class=\"image\"><img loading=\"lazy\" decoding=\"async\" width=\"52\" height=\"52\" src=\"https:\/\/ilsalotto.info\/wp-content\/uploads\/2020\/07\/wlan-ausstattung-casa.jpg\" class=\"attachment-thumbnail size-thumbnail\" alt=\"\" \/><\/span>\n\t\t\t\tWi-Fi gratuito\n\t\t\t\t<\/p>\n\t\t\t\t<\/div > <div id=\"forge12-custom-407913\" class=\"forge12-texticon  vc_custom_1610029221518\">\n\t\t\t\t<p>\n\t\t\t\t<span class=\"image\"><img loading=\"lazy\" decoding=\"async\" width=\"52\" height=\"52\" src=\"https:\/\/ilsalotto.info\/wp-content\/uploads\/2020\/07\/icon-kueche.jpg\" class=\"attachment-thumbnail size-thumbnail\" alt=\"\" \/><\/span>\n\t\t\t\tCucina monoblocco completa\n\t\t\t\t<\/p>\n\t\t\t\t<\/div > [\/vc_column][vc_column width=\"1\/2\"]<div id=\"forge12-custom-464815\" class=\"forge12-texticon \">\n\t\t\t\t<p>\n\t\t\t\t<span class=\"image\"><img loading=\"lazy\" decoding=\"async\" width=\"52\" height=\"52\" src=\"https:\/\/ilsalotto.info\/wp-content\/uploads\/2020\/07\/klimaanlage-ausstattung.jpg\" class=\"attachment-thumbnail size-thumbnail\" alt=\"\" \/><\/span>\n\t\t\t\tAria condizionata e riscaldamento a pavimento\n\t\t\t\t<\/p>\n\t\t\t\t<\/div > <div id=\"forge12-custom-566063\" class=\"forge12-texticon  vc_custom_1610029239446\">\n\t\t\t\t<p>\n\t\t\t\t<span class=\"image\"><img loading=\"lazy\" decoding=\"async\" width=\"52\" height=\"52\" src=\"https:\/\/ilsalotto.info\/wp-content\/uploads\/2020\/07\/dusche-ausstattung-casa.jpg\" class=\"attachment-thumbnail size-thumbnail\" alt=\"\" \/><\/span>\n\t\t\t\tBagno con doccia e WC\n\t\t\t\t<\/p>\n\t\t\t\t<\/div > <div id=\"forge12-custom-229534\" class=\"forge12-texticon  vc_custom_1610029245624\">\n\t\t\t\t<p>\n\t\t\t\t<span class=\"image\"><img loading=\"lazy\" decoding=\"async\" width=\"52\" height=\"52\" src=\"https:\/\/ilsalotto.info\/wp-content\/uploads\/2020\/07\/icon-garten.jpg\" class=\"attachment-thumbnail size-thumbnail\" alt=\"\" \/><\/span>\n\t\t\t\tTerrazza esterna privata di circa 40 m<sup>2<\/sup>\n\t\t\t\t<\/p>\n\t\t\t\t<\/div > [\/vc_column][\/vc_row][vc_row][vc_column]<h4 id=\"forge12-custom-583250\" class=\"headline \">Ulteriori dotazioni<\/h4>[\/vc_column][\/vc_row][vc_row css=\".vc_custom_1595604666173{margin-top: 0px !important;padding-top: 0px !important;}\"][vc_column width=\"1\/3\" css=\".vc_custom_1601976035220{margin-bottom: -35px !important;padding-top: 0px !important;}\"]<div id=\"forge12-custom-619006\" class=\"forge12-text \"><\/p>\n<ul>\n<li>Fornello doppio<\/li>\n<li>Frigorifero<\/li>\n<li>Lavastoviglie con pastiglie<\/li>\n<li>Macchina del caff\u00e8 Nespresso con piccola scelta di capsule biodegradabili<\/li>\n<li>Posate per 4 persone<\/li>\n<li>Amaca<\/li>\n<\/ul>\n<p>\n<\/div>[\/vc_column][vc_column width=\"1\/3\" css=\".vc_custom_1601976038505{margin-bottom: -35px !important;padding-top: 0px !important;}\"]<div id=\"forge12-custom-376800\" class=\"forge12-text \"><\/p>\n<ul>\n<li>2 letti matrimoniali con armadio<\/li>\n<li>Tavolo da pranzo<\/li>\n<li>Zona relax con televisore<\/li>\n<li>Cassetta di sicurezza<\/li>\n<li>Condizionatore con funzionalit\u00e0 di refrigerio e riscaldamento per tutte le stanze<\/li>\n<\/ul>\n<p>\n<\/div>[\/vc_column][vc_column width=\"1\/3\" css=\".vc_custom_1588862686309{padding-top: 0px !important;}\"]<div id=\"forge12-custom-346828\" class=\"forge12-text \"><\/p>\n<ul>\n<li>Lavatrice e asciugatrice a gettoni in un ambiente separato<\/li>\n<li>Esclusivi mobili da esterno e sdraio<\/li>\n<li>Aria condizionata e riscaldamento a pavimento<\/li>\n<li>Grande piscina<\/li>\n<\/ul>\n<p>\n<\/div>[\/vc_column][\/vc_row][vc_row css=\".vc_custom_1595604666173{margin-top: 0px !important;padding-top: 0px !important;}\"][vc_column css=\".vc_custom_1601976035220{margin-bottom: -35px !important;padding-top: 0px !important;}\"][vc_empty_space height=\"48\"][vc_column_text]<\/p>\n<p style=\"text-align: center;\">Opzionalmente, la nostra Casa pu\u00f2 essere utilizzata fino a 6 persone. A questo scopo \u00e8 disponibile nel soggiorno, un divano estraibile molto comodo e di alta qualit\u00e0 con biancheria da letto. A persona addebitiamo 40 \u20ac\/giorno.<\/p>\n<p>[\/vc_column_text][\/vc_column][\/vc_row][vc_row full_width=\"stretch_row_content\" gap=\"3\" css=\".vc_custom_1607081066002{background-position: center !important;background-repeat: no-repeat !important;background-size: cover !important;}\"][vc_column css=\".vc_custom_1595602294381{margin-bottom: -20px !important;}\"][vc_row_inner content_placement=\"middle\" gap=\"5\"][vc_column_inner width=\"1\/3\" css=\".vc_custom_1632915206529{background-image: url(https:\/\/ilsalotto.info\/wp-content\/uploads\/2021\/09\/20210830_IlSalotto_0840.jpg?id=7330) !important;background-position: center !important;background-repeat: no-repeat !important;background-size: cover !important;}\"][vc_empty_space height=\"400\" el_class=\"hoehemobil\"][\/vc_column_inner][vc_column_inner width=\"1\/3\" css=\".vc_custom_1632837471632{background-image: url(https:\/\/ilsalotto.info\/wp-content\/uploads\/2021\/09\/20210830_IlSalotto_0838.jpg?id=7641) !important;background-position: center !important;background-repeat: no-repeat !important;background-size: cover !important;}\"][vc_empty_space height=\"400\" el_class=\"hoehemobil\"][\/vc_column_inner][vc_column_inner width=\"1\/3\" css=\".vc_custom_1632837416019{background-image: url(https:\/\/ilsalotto.info\/wp-content\/uploads\/2021\/09\/20210830_IlSalotto_0829.jpg?id=7324) !important;background-position: center !important;background-repeat: no-repeat !important;background-size: cover !important;}\"][vc_empty_space height=\"400\" el_class=\"hoehemobil\"][\/vc_column_inner][\/vc_row_inner][\/vc_column][\/vc_row][vc_row css=\".vc_custom_1595604672399{margin-top: 0px !important;padding-top: 0px !important;}\"][vc_column width=\"1\/2\"]<h4 id=\"forge12-custom-833842\" class=\"headline  vc_custom_1610029290419\">Incluso<\/h4><div id=\"forge12-custom-869521\" class=\"forge12-text \"><\/p>\n<ul>\n<li>Cambio settimanale di lenzuola, asciugamani e telo bagno.<\/li>\n<li>Bottiglia di acqua minerale nel frigorifero<\/li>\n<li>1 bottiglia di Morellino di Scansano come omaggio di benvenuto<\/li>\n<\/ul>\n<p>\n<\/div>[\/vc_column][vc_column width=\"1\/2\"]<h4 id=\"forge12-custom-503919\" class=\"headline  vc_custom_1610029305553\">Extra<\/h4><div id=\"forge12-custom-440030\" class=\"forge12-text \"><\/p>\n<ul>\n<li>Degustazione di vino e tour enologico<\/li>\n<li>Prestito di bici elettrica su noleggio<\/li>\n<li>Lettino gratuito su richiesta<\/li>\n<li>Biancheria aggiuntiva per ciascun letto matrimoniale: 15,00\u00a0\u20ac<\/li>\n<li>Telo bagno: Deposito cauzionale di 15,00\u00a0\u20ac<\/li>\n<li>Pulizia finale: 100,00\u00a0\u20ac<\/li>\n<\/ul>\n<p>\n<\/div>[\/vc_column][\/vc_row][vc_row][vc_column width=\"1\/2\" css=\".vc_custom_1595602305335{margin-bottom: -20px !important;}\"][vc_single_image image=\"7655\" img_size=\"full\" css_animation=\"none\"][\/vc_column][vc_column width=\"1\/2\"][vc_single_image image=\"7647\" img_size=\"full\" css_animation=\"none\"][\/vc_column][\/vc_row]<\/p>\n<\/div>","protected":false},"excerpt":{"rendered":"<p>[vc_row][vc_column][\/vc_column][\/vc_row][vc_row css=\".vc_custom_1594894063898{padding-bottom: 35px !important;}\"][vc_column width=\"1\/2\" css=\".vc_custom_1601968523142{margin-bottom: -25px !important;}\"][\/vc_column][vc_column width=\"1\/2\"][\/vc_column][\/vc_row][vc_row][vc_column][\/vc_column][\/vc_row][vc_row css=\".vc_custom_1595604666173{margin-top: 0px !important;padding-top: 0px !important;}\"][vc_column width=\"1\/3\" css=\".vc_custom_1601976035220{margin-bottom: -35px !important;padding-top: 0px !important;}\"][\/vc_column][vc_column width=\"1\/3\" css=\".vc_custom_1601976038505{margin-bottom: -35px !important;padding-top: 0px !important;}\"][\/vc_column][vc_column width=\"1\/3\" css=\".vc_custom_1588862686309{padding-top: 0px !important;}\"][\/vc_column][\/vc_row][vc_row css=\".vc_custom_1595604666173{margin-top: 0px !important;padding-top: 0px !important;}\"][vc_column css=\".vc_custom_1601976035220{margin-bottom: -35px !important;padding-top: 0px !important;}\"][vc_empty_space height=\"48\"][vc_column_text] Opzionalmente, la nostra Casa pu\u00f2 essere utilizzata fino a 6 persone. A questo scopo [&hellip;]<\/p>\n","protected":false},"author":5,"featured_media":0,"parent":6397,"menu_order":181,"comment_status":"closed","ping_status":"closed","template":"page-sidebar.php","meta":{"footnotes":""},"class_list":["post-6400","page","type-page","status-publish","hentry"],"aioseo_notices":[],"_links":{"self":[{"href":"https:\/\/ilsalotto.info\/it\/wp-json\/wp\/v2\/pages\/6400","targetHints":{"allow":["GET"]}}],"collection":[{"href":"https:\/\/ilsalotto.info\/it\/wp-json\/wp\/v2\/pages"}],"about":[{"href":"https:\/\/ilsalotto.info\/it\/wp-json\/wp\/v2\/types\/page"}],"author":[{"embeddable":true,"href":"https:\/\/ilsalotto.info\/it\/wp-json\/wp\/v2\/users\/5"}],"replies":[{"embeddable":true,"href":"https:\/\/ilsalotto.info\/it\/wp-json\/wp\/v2\/comments?post=6400"}],"version-history":[{"count":10,"href":"https:\/\/ilsalotto.info\/it\/wp-json\/wp\/v2\/pages\/6400\/revisions"}],"predecessor-version":[{"id":8701,"href":"https:\/\/ilsalotto.info\/it\/wp-json\/wp\/v2\/pages\/6400\/revisions\/8701"}],"up":[{"embeddable":true,"href":"https:\/\/ilsalotto.info\/it\/wp-json\/wp\/v2\/pages\/6397"}],"wp:attachment":[{"href":"https:\/\/ilsalotto.info\/it\/wp-json\/wp\/v2\/media?parent=6400"}],"curies":[{"name":"wp","href":"https:\/\/api.w.org\/{rel}","templated":true}]}}