{"id":6397,"date":"2021-01-07T15:18:18","date_gmt":"2021-01-07T14:18:18","guid":{"rendered":"https:\/\/ilsalotto.info\/?page_id=6397"},"modified":"2024-12-10T10:28:32","modified_gmt":"2024-12-10T09:28:32","slug":"casa-merlot","status":"publish","type":"page","link":"https:\/\/ilsalotto.info\/it\/resort\/casa-merlot\/","title":{"rendered":"Casa Merlot"},"content":{"rendered":"<div class=\"wpb-content-wrapper\"><p>[vc_row][vc_column]<h1 id=\"forge12-custom-207642\" class=\"headline \">Casa Merlot<\/h1><h4 id=\"forge12-custom-722899\" class=\"headline  vc_custom_1610029042903\">Casa Merlot: la vostra straordinaria casa vacanza in Toscana<\/h4><div id=\"forge12-custom-762029\" class=\"forge12-text  vc_custom_1610029051303\"><p>Il Merlot \u00e8 l'uva ideale per rende armonica una cuv\u00e9e. Casa Merlot fa lo stesso con l'anima: \u00e8 un rifugio di circa 70 metri quadri nel segno dell'armonia, con una piccola e accogliente area relax, due camere da letto, zona pranzo e pratica cucina monoblocco. E se la mattina aprirete le porte a battenti della vostra terrazza, lascerete entrare la dolce brezza dell'aria e respirerete con lo sguardo la vastit\u00e0 del paesaggio... saprete anche voi cosa intendiamo.<\/p>\n<p>&nbsp;<\/p>\n<p>Una bottiglia del nostro Morellino di Scansano vi aspetta come omaggio di benvenuto.<\/p>\n<\/div>[vc_empty_space height=\"48\"][\/vc_column][\/vc_row][vc_row forge12_responsive_hide_mobil=\"true\" css=\".vc_custom_1607530714152{padding-bottom: -20px !important;}\"][vc_column]<h2 id=\"forge12-custom-313784\" class=\"headline  vc_custom_1610029058167\">Prezzi<\/h2>[vc_raw_html]JTVCdGFibGUlMjBpZCUzRDklMjAlMkYlNUQlMEElMEElNUJ0YWJsZSUyMGlkJTNEOCUyMCUyRiU1RA==[\/vc_raw_html][vc_row_inner css=\".vc_custom_1596019843093{margin-top: -15px !important;margin-bottom: 35px !important;}\"][vc_column_inner]<div id=\"forge12-custom-710430\" class=\"forge12-text \"><\/p>\n<div id=\"forge12-custom-49806\" class=\"forge12-text \">\n<p>* Per il mese di luglio, agosto e settembre si applica in genere una permanenza minima di 7 notti. Desiderate una permanenza pi\u00f9 breve? Scriveteci. Per tutte le altre prenotazioni si applica una permanenza minima di 3 notti.<\/p>\n<p>&nbsp;<\/p>\n<p>\u24d8 La prenotazione richiede un deposito cauzionale di 700\u00a0\u20ac tramite bonifico.<\/p>\n<\/div>\n<p>\n<\/div>[\/vc_column_inner][\/vc_row_inner][\/vc_column][\/vc_row][vc_row forge12_responsive_hide_tablet=\"true\" forge12_responsive_hide_laptop=\"true\" forge12_responsive_hide_desktop=\"true\" css=\".vc_custom_1607530207248{margin-bottom: 35px !important;}\"][vc_column]<h2 id=\"forge12-custom-495349\" class=\"headline  vc_custom_1610029082752\">Prezzi<\/h2>[vc_column_text]<\/p>\n<table id=\"tablepress-4\" class=\"tablepress tablepress-id-4 dataTable no-footer\" role=\"grid\">\n<thead>\n<tr class=\"row-1 odd\" role=\"row\">\n<th class=\"column-1 sorting_disabled\" style=\"text-align: left;\" colspan=\"1\" rowspan=\"1\"><strong>Prezzo al <\/strong><br \/>\n<strong>giorno\/<\/strong>Casa<\/th>\n<th class=\"column-2 sorting_disabled\" colspan=\"1\" rowspan=\"1\"><strong>Bassa\u00a0<\/strong><br \/>\n<strong>stagione<\/strong>*<\/th>\n<th class=\"column-3 sorting_disabled\" style=\"text-align: left;\" colspan=\"1\" rowspan=\"1\"><strong>Media<\/strong><br \/>\n<strong>stagione<\/strong>*<\/th>\n<th class=\"column-4 sorting_disabled\" style=\"text-align: left;\" colspan=\"1\" rowspan=\"1\"><strong>Alta <\/strong><br \/>\n<strong>stagione<\/strong>*<\/th>\n<\/tr>\n<\/thead>\n<tbody class=\"row-hover\">\n<tr class=\"row-2 even\" role=\"row\">\n<td class=\"column-1\">Casa Merlot<\/td>\n<td class=\"column-2\">250 \u20ac<\/td>\n<td class=\"column-3\">290 \u20ac<\/td>\n<td class=\"column-4\">350 \u20ac<\/td>\n<\/tr>\n<tr class=\"row-3 odd\" role=\"row\">\n<td class=\"column-1\">Casa Sangiovese<\/td>\n<td class=\"column-2\">250 \u20ac<\/td>\n<td class=\"column-3\">290 \u20ac<\/td>\n<td class=\"column-4\">350 \u20ac<\/td>\n<\/tr>\n<tr class=\"row-4 even\" role=\"row\">\n<td class=\"column-1\"><\/td>\n<td class=\"column-2\"><\/td>\n<td class=\"column-3\"><\/td>\n<td class=\"column-4\"><\/td>\n<\/tr>\n<tr class=\"row-5 odd\" role=\"row\">\n<td class=\"column-1\"><\/td>\n<td class=\"column-2\"><\/td>\n<td class=\"column-3\"><\/td>\n<td class=\"column-4\"><\/td>\n<\/tr>\n<tr class=\"row-6 even\" role=\"row\">\n<td class=\"column-1\"><\/td>\n<td class=\"column-2\"><\/td>\n<td class=\"column-3\"><\/td>\n<td class=\"column-4\"><\/td>\n<\/tr>\n<\/tbody>\n<\/table>\n<p>[\/vc_column_text][vc_column_text css=\"\"]<\/p>\n<table id=\"tablepress-1\" class=\"tablepress tablepress-id-1 dataTable no-footer\" role=\"grid\">\n<thead>\n<tr class=\"row-1 odd\" role=\"row\">\n<th class=\"column-1 sorting_disabled\" style=\"text-align: left;\" colspan=\"1\" rowspan=\"1\"><strong>Periodo<\/strong><\/th>\n<th class=\"column-2 sorting_disabled\" style=\"text-align: left;\" colspan=\"1\" rowspan=\"1\"><strong>Bassa <\/strong><br \/>\n<strong>stagione<\/strong>*<\/th>\n<th class=\"column-3 sorting_disabled\" style=\"text-align: left;\" colspan=\"1\" rowspan=\"1\"><strong>Media <\/strong><br \/>\n<strong>stagione<\/strong>*<\/th>\n<th class=\"column-4 sorting_disabled\" style=\"text-align: left;\" colspan=\"1\" rowspan=\"1\"><strong>Alta <\/strong><br \/>\n<strong>stagione<\/strong>*<\/th>\n<\/tr>\n<\/thead>\n<tbody class=\"row-hover\">\n<tr class=\"row-2 even\" role=\"row\">\n<td class=\"column-1\">Gen.<\/td>\n<td class=\"column-2\">07. \u2013<br \/>\n31.01.2025<\/td>\n<td class=\"column-3\">\u2013<\/td>\n<td class=\"column-4\">01. \u2013<br \/>\n06.01.2025<\/td>\n<\/tr>\n<tr class=\"row-3 odd\" role=\"row\">\n<td class=\"column-1\">Feb.<\/td>\n<td class=\"column-2\">01. \u2013<br \/>\n28.02.2025<\/td>\n<td class=\"column-3\">\u2013<\/td>\n<td class=\"column-4\">\u2013<\/td>\n<\/tr>\n<tr class=\"row-4 even\" role=\"row\">\n<td class=\"column-1\">Ma.<\/td>\n<td class=\"column-2\">01. \u2013<br \/>\n31.03.2025<\/td>\n<td class=\"column-3\">\u2013<\/td>\n<td class=\"column-4\">\u2013<\/td>\n<\/tr>\n<tr class=\"row-5 odd\" role=\"row\">\n<td class=\"column-1\">Apr.<\/td>\n<td class=\"column-2\">\u00a0\u2013<\/td>\n<td class=\"column-3\">01. \u2013<br \/>\n11.04.2025<\/td>\n<td class=\"column-4\">12. \u2013<br \/>\n30.04.2025 (Pasqua)<\/td>\n<\/tr>\n<tr class=\"row-6 even\" role=\"row\">\n<td class=\"column-1\">Mag<\/td>\n<td class=\"column-2\">\u2013<\/td>\n<td class=\"column-3\">01. \u2013<br \/>\n16.05.2025<\/td>\n<td class=\"column-4\">17. \u2013<br \/>\n31.05.2025<\/td>\n<\/tr>\n<tr class=\"row-7 odd\" role=\"row\">\n<td class=\"column-1\">Giu.<\/td>\n<td class=\"column-2\">\u2013<\/td>\n<td class=\"column-3\">\u2013<\/td>\n<td class=\"column-4\">01. \u2013<br \/>\n30.06.2025 (Pentecoste)<\/td>\n<\/tr>\n<tr class=\"row-8 even\" role=\"row\">\n<td class=\"column-1\">Lug.<\/td>\n<td class=\"column-2\">\u2013<\/td>\n<td class=\"column-3\">\u2013<\/td>\n<td class=\"column-4\">01. \u2013<br \/>\n31.07.2025<\/td>\n<\/tr>\n<tr class=\"row-9 odd\" role=\"row\">\n<td class=\"column-1\">Ago.<\/td>\n<td class=\"column-2\">\u2013<\/td>\n<td class=\"column-3\">\u2013<\/td>\n<td class=\"column-4\">01. \u2013<br \/>\n31.08.2025<\/td>\n<\/tr>\n<tr class=\"row-10 even\" role=\"row\">\n<td class=\"column-1\">Set.<\/td>\n<td class=\"column-2\">\u2013<\/td>\n<td class=\"column-3\">\u2013<\/td>\n<td class=\"column-4\">01. \u2013<br \/>\n30.09.2025<\/td>\n<\/tr>\n<tr class=\"row-11 odd\" role=\"row\">\n<td class=\"column-1\">Ott.<\/td>\n<td class=\"column-2\">\u2013<\/td>\n<td class=\"column-3\">01. \u2013<br \/>\n24.10.2025<\/td>\n<td class=\"column-4\">\u00a025. \u2013<br \/>\n31.10.2025<\/td>\n<\/tr>\n<tr class=\"row-12 even\" role=\"row\">\n<td class=\"column-1\">Nov.<\/td>\n<td class=\"column-2\">03. \u2013<br \/>\n30.11.2025<\/td>\n<td class=\"column-3\">\u2013<\/td>\n<td class=\"column-4\">01. + 02.11.2025<br \/>\n(ponte del 1\u00b0 novembre)<\/td>\n<\/tr>\n<tr class=\"row-13 odd\" role=\"row\">\n<td class=\"column-1\">Dic.<\/td>\n<td class=\"column-2\">01. \u2013<br \/>\n20.12.2024<\/td>\n<td class=\"column-3\">\u2013<\/td>\n<td class=\"column-4\">21. \u2013 31.12.2024<br \/>\n(Natale)<\/td>\n<\/tr>\n<\/tbody>\n<\/table>\n<p>[\/vc_column_text][\/vc_column][\/vc_row]<\/p>\n<\/div>","protected":false},"excerpt":{"rendered":"<p>[vc_row][vc_column][vc_empty_space height=\"48\"][\/vc_column][\/vc_row][vc_row forge12_responsive_hide_mobil=\"true\" css=\".vc_custom_1607530714152{padding-bottom: -20px !important;}\"][vc_column][vc_raw_html]JTVCdGFibGUlMjBpZCUzRDklMjAlMkYlNUQlMEElMEElNUJ0YWJsZSUyMGlkJTNEOCUyMCUyRiU1RA==[\/vc_raw_html][vc_row_inner css=\".vc_custom_1596019843093{margin-top: -15px !important;margin-bottom: 35px !important;}\"][vc_column_inner][\/vc_column_inner][\/vc_row_inner][\/vc_column][\/vc_row][vc_row forge12_responsive_hide_tablet=\"true\" forge12_responsive_hide_laptop=\"true\" forge12_responsive_hide_desktop=\"true\" css=\".vc_custom_1607530207248{margin-bottom: 35px !important;}\"][vc_column][vc_column_text] Prezzo al giorno\/Casa Bassa\u00a0 stagione* Media stagione* Alta stagione* Casa Merlot 250 \u20ac 290 \u20ac 350 \u20ac Casa Sangiovese 250 \u20ac 290 \u20ac 350 \u20ac [\/vc_column_text][vc_column_text css=\"\"] Periodo Bassa stagione* Media stagione* Alta stagione* Gen. 07. \u2013 31.01.2025 [&hellip;]<\/p>\n","protected":false},"author":5,"featured_media":0,"parent":6368,"menu_order":190,"comment_status":"closed","ping_status":"closed","template":"page-sidebar.php","meta":{"footnotes":""},"class_list":["post-6397","page","type-page","status-publish","hentry"],"aioseo_notices":[],"_links":{"self":[{"href":"https:\/\/ilsalotto.info\/it\/wp-json\/wp\/v2\/pages\/6397","targetHints":{"allow":["GET"]}}],"collection":[{"href":"https:\/\/ilsalotto.info\/it\/wp-json\/wp\/v2\/pages"}],"about":[{"href":"https:\/\/ilsalotto.info\/it\/wp-json\/wp\/v2\/types\/page"}],"author":[{"embeddable":true,"href":"https:\/\/ilsalotto.info\/it\/wp-json\/wp\/v2\/users\/5"}],"replies":[{"embeddable":true,"href":"https:\/\/ilsalotto.info\/it\/wp-json\/wp\/v2\/comments?post=6397"}],"version-history":[{"count":17,"href":"https:\/\/ilsalotto.info\/it\/wp-json\/wp\/v2\/pages\/6397\/revisions"}],"predecessor-version":[{"id":7219,"href":"https:\/\/ilsalotto.info\/it\/wp-json\/wp\/v2\/pages\/6397\/revisions\/7219"}],"up":[{"embeddable":true,"href":"https:\/\/ilsalotto.info\/it\/wp-json\/wp\/v2\/pages\/6368"}],"wp:attachment":[{"href":"https:\/\/ilsalotto.info\/it\/wp-json\/wp\/v2\/media?parent=6397"}],"curies":[{"name":"wp","href":"https:\/\/api.w.org\/{rel}","templated":true}]}}