{"id":6301,"date":"2021-01-07T09:03:13","date_gmt":"2021-01-07T08:03:13","guid":{"rendered":"https:\/\/ilsalotto.info\/?page_id=6301"},"modified":"2022-07-11T11:34:29","modified_gmt":"2022-07-11T09:34:29","slug":"azienda-vinicola","status":"publish","type":"page","link":"https:\/\/ilsalotto.info\/it\/azienda-vinicola\/","title":{"rendered":"Azienda vinicola"},"content":{"rendered":"<div class=\"wpb-content-wrapper\"><p>[vc_row][vc_column]<h1 id=\"forge12-custom-225039\" class=\"headline \">Filosofia il Salotto, Wines &amp; Resorts<\/h1><h4 id=\"forge12-custom-528106\" class=\"headline  vc_custom_1610005371315\">Rischiare e provare.<\/h4><div id=\"forge12-custom-534493\" class=\"forge12-text \"><p>Per raggiungere obiettivi ambiziosi \u00e8 necessario prendere strade non convenzionali. Per il vino vale lo stesso. Il vitigno, il\u00a0<a class=\"seitenlinks\" title=\"territorio\" href=\"https:\/\/ilsalotto.info\/it\/territorio\/\">\u201eterritorio\u201c<\/a>\u00a0e la tradizione sono i nostri pilastri: grazie a il Salotto da questo punto di vista abbiamo una fortuna incredibile. Ma \u00e8 prima di tutto da elementi quali la curiosit\u00e0, la gioia di sperimentare, il know-how del nostro fantastico enologo Damiano Maurini e la decisa volont\u00e0 di creare vini caratteristici al di l\u00e0 di qualsiasi moda che nasce l'oggetto delle nostre aspirazioni: <a class=\"seitenlinks\" title=\"Vini\" href=\"https:\/\/ilsalotto.info\/it\/vini\/\">\u201evini\u201c<\/a>\u00a0biologici che stimolano ed entusiasmano, sia noi che (speriamo) anche voi.<\/p>\n<\/div>[\/vc_column][\/vc_row][vc_row][vc_column width=\"2\/3\"][vc_single_image image=\"7681\" img_size=\"full\" alignment=\"center\"][\/vc_column][vc_column width=\"1\/3\" css=\".vc_custom_1599217506473{margin-top: -15px !important;}\" offset=\"vc_hidden-xs\"][vc_single_image image=\"7687\" img_size=\"full\" alignment=\"center\" css_animation=\"none\"][vc_single_image image=\"7684\" img_size=\"full\" alignment=\"center\" css_animation=\"none\"][\/vc_column][\/vc_row][vc_row el_id=\"bg-center\" css=\".vc_custom_1598858395139{padding-bottom: 100px !important;background-image: url(https:\/\/ilsalotto.info\/wp-content\/uploads\/2020\/07\/preisliste-ilsalotto-merlot-Kopie.png?id=2594) !important;background-position: 0 0 !important;background-repeat: no-repeat !important;}\"][vc_column][vc_column_text]<\/p>\n<p style=\"text-align: center;\">Dietro ogni buon vino c'\u00e8 un buon enologo.<\/p>\n<p>[\/vc_column_text]<h4 id=\"forge12-custom-823495\" class=\"headline  vc_custom_1610005478566\">Autore: Damiano Maurini, il nostro uomo dei vini di eccellenza.<\/h4><div class=\"forge12-button-wrapper\"\n     id='forge12-custom-16538'>\n\t<a class='forge12-button   '\n\t   href=\"https:\/\/ilsalotto.info\/it\/territorio\/\"\n\t   target=\"\"\n\t   rel=\"\"\n\t   title=\"Territorio\">\n\t\tTerritorio\t<\/a>\n<\/div>[\/vc_column][\/vc_row][vc_row][vc_column css=\".vc_custom_1594134135494{margin-top: -35px !important;}\"]<h2 id=\"forge12-custom-626596\" class=\"headline  vc_custom_1610005524884\">Le persone che supportano il Salotto<\/h2><h4 id=\"forge12-custom-703978\" class=\"headline  vc_custom_1610005535948\">Solo chi comincia arriva alla meta.<\/h4><div id=\"forge12-custom-949237\" class=\"forge12-text \"><p>A volte ci stupiamo noi stessi. Per tutto ci\u00f2 che \u00e8 nato da una nostra idea. O dei numerosissimi casi fortuiti grazie ai quali abbiamo posto cos\u00ec tante pietre miliari lungo il cammino. Ma di una cosa in particolare siamo felici: di aver potuto realizzare questo incredibile sogno della Dolce vita insieme, noi amici e le nostre famiglie, e di poter produrre il nostro\u00a0<a href=\"https:\/\/ilsalotto.info\/it\/vini\/\">vino<\/a>. La cosa pi\u00f9 bella \u00e8 per\u00f2 poterlo condividere con tutti. Con un calice perfetto e un luogo dell'anima per i nostri ospiti.<\/p>\n<\/div>[\/vc_column][\/vc_row][vc_row full_width=\"stretch_row_content\" content_placement=\"middle\" css=\".vc_custom_1594041313276{background-position: center !important;background-repeat: no-repeat !important;background-size: contain !important;}\" el_class=\"spacer-home\"][vc_column parallax=\"content-moving-fade\"][vc_single_image image=\"7971\" img_size=\"full\"][\/vc_column][\/vc_row][vc_row full_width=\"stretch_row\" css=\".vc_custom_1599029654764{margin-top: -50px !important;}\"][vc_column]<h2 id=\"forge12-custom-384857\" class=\"headline \">Soci il Salotto, Wines &amp; Resorts<\/h2><h4 id=\"forge12-custom-431336\" class=\"headline  vc_custom_1610005600166\">Un brindisi all&#039;amicizia!<\/h4><div id=\"forge12-custom-208655\" class=\"forge12-text \"><p>Noi originari della Foresta Nera siamo inventivi e abbiamo le idee chiare. Siamo in tre e andiamo sempre dritto al punto: testiamo, progettiamo, lavoriamo meticolosamente e discutiamo con fervore. Ciascuno di noi \u00e8 cosciente di cosa vuole e di cosa fa. Costruiamo cos\u00ec il nostro mondo insieme, scoprendo ogni giorno qualcosa di nuovo. Non importa quanto discutiamo su come ottenere il miglior risultato, alla fine ci ritroviamo sempre a brindare: all'amicizia, alla vita e al vino.<\/p>\n<\/div>[\/vc_column][\/vc_row][vc_row full_width=\"stretch_row_content\" equal_height=\"yes\" content_placement=\"top\" css=\".vc_custom_1605799642678{margin-top: -15px !important;background-position: center !important;background-repeat: no-repeat !important;background-size: contain !important;}\" el_class=\"spacer-home\"][vc_column parallax=\"content-moving-fade\" css=\".vc_custom_1594133902044{background-position: 0 0 !important;background-repeat: no-repeat !important;}\"][vc_row_inner equal_height=\"yes\" gap=\"30\"][vc_column_inner width=\"1\/2\" css=\".vc_custom_1605799887870{padding-bottom: 15px !important;background-image: url(https:\/\/ilsalotto.info\/wp-content\/uploads\/2020\/07\/weingut-gesellschafter-1.jpg?id=2163) !important;background-position: center !important;background-repeat: no-repeat !important;background-size: cover !important;}\"][vc_empty_space height=\"300\" el_class=\"hoehemobile\"]<div id=\"forge12-custom-851654\" class=\"forge12-text  vc_custom_1610005641436\"><\/p>\n<h3>Famiglia Liebert<\/h3>\n<div class=\"text\">\n<div class=\"text-inner\"><strong>Thomas Liebert: <\/strong>Socio amministratore, produzione del vino<\/div>\n<\/div>\n<p>\n<\/div>[\/vc_column_inner][vc_column_inner width=\"1\/2\" css=\".vc_custom_1605799891708{padding-bottom: 15px !important;background-image: url(https:\/\/ilsalotto.info\/wp-content\/uploads\/2020\/07\/weingut-gesellschafter-2.jpg?id=2166) !important;background-position: center !important;background-repeat: no-repeat !important;background-size: cover !important;}\"][vc_empty_space height=\"300\" el_class=\"hoehemobile\"]<div id=\"forge12-custom-701215\" class=\"forge12-text  vc_custom_1610005659906\"><\/p>\n<h3>Famiglia Schr\u00f6ter<\/h3>\n<div class=\"text\">\n<div class=\"text-inner\"><strong>Thomas Schr\u00f6ter: <\/strong>Commerciale<\/div>\n<\/div>\n<p>\n<\/div>[\/vc_column_inner][\/vc_row_inner][\/vc_column][\/vc_row][vc_row full_width=\"stretch_row\" content_placement=\"middle\" el_class=\"z-index-1\" css=\".vc_custom_1599053518705{margin-bottom: 25px !important;}\"][vc_column]<h2 id=\"forge12-custom-415469\" class=\"headline \">Visioni per il futuro<\/h2><h4 id=\"forge12-custom-282416\" class=\"headline  vc_custom_1610005697605\">Naturalmente ecologici: dal vino alla pompa di calore.<\/h4><div id=\"forge12-custom-548370\" class=\"forge12-text \"><p>I nostri\u00a0<a href=\"https:\/\/ilsalotto.info\/it\/vini\/\">vini<\/a>\u00a0nascono da un'agricoltura biologica ed evitiamo ovviamente qualsiasi fertilizzante chimico. Per questo l'impegno ecologico de il Salotto non si ferma alla viticoltura e all'olivicoltura, ma abbraccia la gestione del nostro intero resort nella Maremma. Per la produzione energetica impieghiamo sistemi ecologici: l'acqua calda viene generata da un impianto termico solare e una parte della nostra elettricit\u00e0 dagli impianti fotovoltaici; efficienti pompe di calore riscaldano e climatizzano i nostri edifici. La tecnologia sostenibile degli edifici contribuisce cos\u00ec al nostro impegno per la riduzione delle emissioni di CO<sub>2<\/sub>.<\/p>\n<\/div>[\/vc_column][\/vc_row][vc_row full_width=\"stretch_row\" css=\".vc_custom_1606981742490{padding-top: 0px !important;background-image: url(https:\/\/ilsalotto.info\/wp-content\/uploads\/2020\/12\/karte-dunkel.jpg?id=5703) !important;background-position: center !important;background-repeat: no-repeat !important;background-size: cover !important;}\"][vc_column width=\"1\/2\" css=\".vc_custom_1596199371210{padding-top: 75px !important;}\"]<h2 id=\"forge12-custom-940978\" class=\"headline \">Brandy Nini<\/h2><h4 id=\"forge12-custom-130288\" class=\"headline  vc_custom_1610005736527\">Nini: un brandy di prima classe.<\/h4><div id=\"forge12-custom-652336\" class=\"forge12-text \"><p>Il 2007 \u00e8 stato per noi un anno molto speciale. \u00c8 nata Alina, detta \"Nini\", ultima arrivata nella famiglia Liebert. Ma il 2007 \u00e8 stato un ottimo anno anche per il Salotto. Durante la nostra prima esplorazione della nostra azienda vinicola, abbiamo aperto l'antica cantina dei vini e siamo rimasti basiti: 12 barrique piene fino all'orlo di Sangiovese erano l\u00ec, completamente dimenticate dal mondo. Un vero tesoro. Il suo zenit era ormai passato. Ma era perfetto per farne un brandy.<\/p>\n<p>&nbsp;<\/p>\n<p>\u00c8 quanto ci ha confermato anche\u00a0<a href=\"http:\/\/www.nannonigrappe.it\/\">\"Nannoni Grappe\"<\/a>, nei pressi di Grosseto. La distilleria \u00e8 uno dei maggiori e pi\u00f9 richiesti produttori di grappe d'Italia. Chi tiene ai propri\u00a0<a href=\"https:\/\/ilsalotto.info\/it\/vini\/\">vini<\/a>, lo affida a loro. E cos\u00ec abbiamo fatto. Ora bisogna solo attendere! Il nostro brandy ha iniziato infatti il suo affinamento in tre barrique francesi a met\u00e0 2019 e continuer\u00e0 fino almeno al 2029. Giusto in tempo per una grande occasione: il primo decennale de il Salotto.<\/p>\n<\/div>[\/vc_column][vc_column css_animation=\"none\" width=\"1\/2\" css=\".vc_custom_1601976725189{padding-top: 75px !important;}\"][vc_single_image image=\"3670\" img_size=\"full\"][\/vc_column][\/vc_row][vc_row][vc_column]<h2 id=\"forge12-custom-357055\" class=\"headline \">Storia il Salotto<\/h2><h4 id=\"forge12-custom-839425\" class=\"headline  vc_custom_1610005773366\">Da una battuta fra amici all&#039;azienda vinicola.<\/h4><div id=\"forge12-custom-383262\" class=\"forge12-text \"><\/p>\n<p style=\"text-align: center;\">Viaggiare in Piemonte o in Toscana e assaggiare vini tra i pi\u00f9 importanti al mondo per noi \u00e8 sempre stata una garanzia di pura felicit\u00e0. Ma a un certo punto non ci bastava pi\u00f9. In Thomas Liebert \u00e8 iniziato a crescere il desiderio di distillare la propria azienda vinicola. Questa visione \u00e8 diventata pi\u00f9 concreta quando \u00e8 comparso un annuncio, che dal 2015 si \u00e8 fatto sempre pi\u00f9 strada nella sua mente e nel suo cuore: una piccola azienda vinicola biologica nella Maremma era in vendita.<\/p>\n<p style=\"text-align: center;\">Ma diciamo la verit\u00e0: quanto spesso capita di realizzare davvero i propri sogni? Tra il dire e il fare, si sa, c'\u00e8 di mezzo il mare. Ma questa traversata \u00e8 stata possibile durante la notte di San Silvestro del 2017: i giusti amici, il gomito sufficientemente alto, il paesaggio innevato delle montagne intorno a Bregenz. E soprattutto lo sguardo verso il futuro. Il dado era tratto: lo facciamo! E per di pi\u00f9 insieme.<\/p>\n<p>\n<\/div>[\/vc_column][\/vc_row][vc_row css=\".vc_custom_1597756772873{padding-bottom: 50px !important;background-image: url(https:\/\/ilsalotto.info\/wp-content\/uploads\/2020\/05\/ilsalotto-geschichte-hintergrund.png?id=1086) !important;background-position: 0 0 !important;background-repeat: no-repeat !important;}\" el_id=\"bg-center\"][vc_column]<style rel=\"stylesheet\">\n\t\t.f12_timeline:after {\n\t\tbackground-color : #d7b44c\t}\n\n\t\n\t\t.f12_timeline .tl_inside .tl_row:after {\n\t\tbackground-color : #d7b44c\t}\n\n\t\t\t.f12_timeline .tl_inside .tl_row:after {\n\t\tbackground-color : #d7b44c\t}\n\n\t\t.f12_timeline h3 {\n\t\tfont-size : 42px\t}\n\t\n\t\t.f12_timeline h3 {\n\t\tcolor : #d7b44c\t}\n\t\n\t\t.f12_timeline .subtitle {\n\t\tfont-size : 29px\t}\n\t\n\t\t.f12_timeline .subtitle {\n\t\tcolor : #ffffff\t}\n\t\n\t\n\t\t.f12_timeline .date {\n\t\tcolor : #000000\t}\n\t\n\t\n\t\t.f12_timeline .text {\n\t\tcolor : #000000\t}\n\t\n\t@media (min-width : 769px) and (max-width : 1280px) {\n\t\t\t\t\t.f12_timeline h3 {\n\t\t\t\tfont-size : 42px\t\t\t}\n\t\t\n\t\t\n\t\t\n\t\t\t\t\t.f12_timeline .subtitle {\n\t\t\t\tfont-size : 29px\t\t\t}\n\t\t\t}\n\n\t@media (max-width : 768px) {\n\t\t\t\t\t.f12_timeline h3 {\n\t\t\t\tfont-size : 42px\t\t\t}\n\t\t\n\t\t\n\t\t\n\t\t\t}\n\n\t<\/style>\n<div class=\"f12_timeline toggle round\">\n\t<div class=\"tl_inside\">\n\n\t\t\t\t<div class=\"tl_row\">\n\t\t\t\t\t\t\t\t\t\t\t<div class=\"tl_container f12_animate_me\" data-type=\"fadein\">\n\t\t\t\t\t\t\t\t\t\t\t\t\n\t\t\t\t\t\t\t<div class=\"image\">\n\t<\/div>\n\n<p class=\"date\"><\/p>\n\t\t\t\t\t\t\t<h3>2020<\/h3>\n\n<h4 class=\"subtitle\">09\/20<\/h4>\n\t\t\t\t\t\t\t\n\t\t\t\t\t\t\t<div class=\"text\" id=\"timeline_element_6307\">\n\t\t<p>Adesso arriva il bello. Il primo imbottigliamento del nostro Morellino di Scansano. Gli aromi, i profumi e il gusto danno ora il meglio. Esiste un produttore di vino pi\u00f9 felice di noi?<\/p><\/div>\n\t\t\t\t\t\t<\/div>\n\t\t\t\t\t<\/div>\n\t\t\t\t\t\t\t<div class=\"tl_row\">\n\t\t\t\t\t\t\t\t\t\t\t<div class=\"tl_container f12_animate_me\" data-type=\"fadein\">\n\t\t\t\t\t\t\t\t\t\t\t\t\n\t\t\t\t\t\t\t<div class=\"image\">\n\t<\/div>\n\n<p class=\"date\"><\/p>\n\t\t\t\t\t\t\t<h3><\/h3>\n\n<h4 class=\"subtitle\">07\/20<\/h4>\n\t\t\t\t\t\t\t\n\t\t\t\t\t\t\t<div class=\"text\" id=\"timeline_element_6308\">\n\t\t<p>Emozione e pelle d'oca. Il nostro sogno \u00e8 diventato realt\u00e0. A luglio festeggiamo con un'incredibile inaugurazione e il vino del nostro migliore vicino. Perch\u00e9 il nostro affina ancora nelle barrique francesi fino a quando arriver\u00e0 il suo momento.<\/p><\/div>\n\t\t\t\t\t\t<\/div>\n\t\t\t\t\t<\/div>\n\t\t\t\t\t\t\t<div class=\"tl_row\">\n\t\t\t\t\t\t\t\t\t\t\t<div class=\"tl_container f12_animate_me\" data-type=\"fadein\">\n\t\t\t\t\t\t\t\t\t\t\t\t\n\t\t\t\t\t\t\t<div class=\"image\">\n\t<\/div>\n\n<p class=\"date\"><\/p>\n\t\t\t\t\t\t\t<h3>2018<\/h3>\n\n<h4 class=\"subtitle\"><\/h4>\n\t\t\t\t\t\t\t\n\t\t\t\t\t\t\t<div class=\"text\" id=\"timeline_element_6309\">\n\t\t<p>Acquisto de il Salotto con circa 6 ettari di vitigni, 6 ettari di oliveto e 6 ettari di foresta. Un sogno divenuto realt\u00e0!<\/p><\/div>\n\t\t\t\t\t\t<\/div>\n\t\t\t\t\t<\/div>\n\t\t\t\t\t\t\t\t\t<\/div>\n\t\t\t<\/div>[\/vc_column][\/vc_row]<\/p>\n<\/div>","protected":false},"excerpt":{"rendered":"<p>[vc_row][vc_column][\/vc_column][\/vc_row][vc_row][vc_column width=\"2\/3\"][vc_single_image image=\"7681\" img_size=\"full\" alignment=\"center\"][\/vc_column][vc_column width=\"1\/3\" css=\".vc_custom_1599217506473{margin-top: -15px !important;}\" offset=\"vc_hidden-xs\"][vc_single_image image=\"7687\" img_size=\"full\" alignment=\"center\" css_animation=\"none\"][vc_single_image image=\"7684\" img_size=\"full\" alignment=\"center\" css_animation=\"none\"][\/vc_column][\/vc_row][vc_row el_id=\"bg-center\" css=\".vc_custom_1598858395139{padding-bottom: 100px !important;background-image: url(https:\/\/ilsalotto.info\/wp-content\/uploads\/2020\/07\/preisliste-ilsalotto-merlot-Kopie.png?id=2594) !important;background-position: 0 0 !important;background-repeat: no-repeat !important;}\"][vc_column][vc_column_text] Dietro ogni buon vino c'\u00e8 un buon enologo. [\/vc_column_text][\/vc_column][\/vc_row][vc_row][vc_column css=\".vc_custom_1594134135494{margin-top: -35px !important;}\"][\/vc_column][\/vc_row][vc_row full_width=\"stretch_row_content\" content_placement=\"middle\" css=\".vc_custom_1594041313276{background-position: center !important;background-repeat: no-repeat !important;background-size: contain !important;}\" el_class=\"spacer-home\"][vc_column parallax=\"content-moving-fade\"][vc_single_image image=\"7971\" img_size=\"full\"][\/vc_column][\/vc_row][vc_row full_width=\"stretch_row\" [&hellip;]<\/p>\n","protected":false},"author":5,"featured_media":0,"parent":0,"menu_order":290,"comment_status":"closed","ping_status":"closed","template":"","meta":{"footnotes":""},"class_list":["post-6301","page","type-page","status-publish","hentry"],"aioseo_notices":[],"_links":{"self":[{"href":"https:\/\/ilsalotto.info\/it\/wp-json\/wp\/v2\/pages\/6301","targetHints":{"allow":["GET"]}}],"collection":[{"href":"https:\/\/ilsalotto.info\/it\/wp-json\/wp\/v2\/pages"}],"about":[{"href":"https:\/\/ilsalotto.info\/it\/wp-json\/wp\/v2\/types\/page"}],"author":[{"embeddable":true,"href":"https:\/\/ilsalotto.info\/it\/wp-json\/wp\/v2\/users\/5"}],"replies":[{"embeddable":true,"href":"https:\/\/ilsalotto.info\/it\/wp-json\/wp\/v2\/comments?post=6301"}],"version-history":[{"count":10,"href":"https:\/\/ilsalotto.info\/it\/wp-json\/wp\/v2\/pages\/6301\/revisions"}],"predecessor-version":[{"id":7975,"href":"https:\/\/ilsalotto.info\/it\/wp-json\/wp\/v2\/pages\/6301\/revisions\/7975"}],"wp:attachment":[{"href":"https:\/\/ilsalotto.info\/it\/wp-json\/wp\/v2\/media?parent=6301"}],"curies":[{"name":"wp","href":"https:\/\/api.w.org\/{rel}","templated":true}]}}